{"id":156,"date":"2024-01-28T20:26:31","date_gmt":"2024-01-28T23:26:31","guid":{"rendered":"https:\/\/atos319.us.to\/pizziadvogados\/?page_id=156"},"modified":"2024-11-13T13:15:47","modified_gmt":"2024-11-13T16:15:47","slug":"atuacao","status":"publish","type":"page","link":"https:\/\/pizziandrade.com.br\/novo\/index.php\/atuacao\/","title":{"rendered":"Atua\u00e7\u00e3o"},"content":{"rendered":"\t\t<div data-elementor-type=\"wp-page\" data-elementor-id=\"156\" class=\"elementor elementor-156\" data-elementor-post-type=\"page\">\n\t\t\t\t\t\t\t<div class=\"elementor-element elementor-element-8643da7 e-flex e-con-boxed e-con e-parent\" data-id=\"8643da7\" data-element_type=\"container\" data-settings=\"{&quot;content_width&quot;:&quot;boxed&quot;}\" data-core-v316-plus=\"true\">\n\t\t\t\t\t<div class=\"e-con-inner\">\n\t\t\t\t<div class=\"elementor-element elementor-element-98a0314 elementor-widget elementor-widget-text-editor\" data-id=\"98a0314\" data-element_type=\"widget\" data-widget_type=\"text-editor.default\">\n\t\t\t\t<div class=\"elementor-widget-container\">\n\t\t\t<style>\/*! elementor - v3.18.0 - 20-12-2023 *\/\n.elementor-widget-text-editor.elementor-drop-cap-view-stacked .elementor-drop-cap{background-color:#69727d;color:#fff}.elementor-widget-text-editor.elementor-drop-cap-view-framed .elementor-drop-cap{color:#69727d;border:3px solid;background-color:transparent}.elementor-widget-text-editor:not(.elementor-drop-cap-view-default) .elementor-drop-cap{margin-top:8px}.elementor-widget-text-editor:not(.elementor-drop-cap-view-default) .elementor-drop-cap-letter{width:1em;height:1em}.elementor-widget-text-editor .elementor-drop-cap{float:left;text-align:center;line-height:1;font-size:50px}.elementor-widget-text-editor .elementor-drop-cap-letter{display:inline-block}<\/style>\t\t\t\t<h3>Atua\u00e7\u00e3o<\/h3><p>Atuamos nas \u00e1reas de Direito Tribut\u00e1rio e Direito Imobili\u00e1rio, oferecendo uma abordagem totalmente personalizada e detalhista para cada caso. No Pizzi Andrade Advogados, o compromisso com a qualidade, a personaliza\u00e7\u00e3o do atendimento e a excel\u00eancia jur\u00eddica s\u00e3o os pilares que sustentam nossa pr\u00e1tica.<\/p><p>Entendemos que cada cliente \u00e9 \u00fanico, com necessidades e contextos espec\u00edficos. Por isso, nossa consultoria e solu\u00e7\u00f5es jur\u00eddicas s\u00e3o meticulosamente adaptadas para atender \u00e0s particularidades de cada situa\u00e7\u00e3o, trazendo um n\u00edvel de aten\u00e7\u00e3o que vai al\u00e9m do atendimento tradicional. Nossa equipe investe tempo em escuta ativa, an\u00e1lise minuciosa e comunica\u00e7\u00e3o transparente para garantir que cada estrat\u00e9gia jur\u00eddica seja pensada para atender \u00e0s necessidades atuais e, ao mesmo tempo, antecipar desafios futuros.<\/p><p>Nosso diferencial est\u00e1 em integrar tecnologia e inova\u00e7\u00e3o ao processo jur\u00eddico, utilizando ferramentas como an\u00e1lise preditiva e intelig\u00eancia de dados para oferecer uma seguran\u00e7a jur\u00eddica mais abrangente e estrat\u00e9gica. Essa abordagem nos permite n\u00e3o apenas responder aos problemas imediatos, mas tamb\u00e9m fortalecer a posi\u00e7\u00e3o dos nossos clientes para o que est\u00e1 por vir.<\/p>\t\t\t\t\t\t<\/div>\n\t\t\t\t<\/div>\n\t\t\t\t\t<\/div>\n\t\t\t\t<\/div>\n\t\t\t\t\t\t\t<\/div>\n\t\t","protected":false},"excerpt":{"rendered":"<p>Atua\u00e7\u00e3o Atuamos nas \u00e1reas de Direito Tribut\u00e1rio e Direito Imobili\u00e1rio, oferecendo uma abordagem totalmente personalizada e detalhista para cada caso. No Pizzi Andrade Advogados, o compromisso com a qualidade, a personaliza\u00e7\u00e3o do atendimento e a excel\u00eancia jur\u00eddica s\u00e3o os pilares que sustentam nossa pr\u00e1tica. Entendemos que cada cliente \u00e9 \u00fanico, com necessidades e contextos espec\u00edficos. [&hellip;]<\/p>\n","protected":false},"author":1,"featured_media":0,"parent":0,"menu_order":0,"comment_status":"closed","ping_status":"closed","template":"","meta":{"footnotes":""},"blocksy_meta":[],"_links":{"self":[{"href":"https:\/\/pizziandrade.com.br\/novo\/index.php\/wp-json\/wp\/v2\/pages\/156"}],"collection":[{"href":"https:\/\/pizziandrade.com.br\/novo\/index.php\/wp-json\/wp\/v2\/pages"}],"about":[{"href":"https:\/\/pizziandrade.com.br\/novo\/index.php\/wp-json\/wp\/v2\/types\/page"}],"author":[{"embeddable":true,"href":"https:\/\/pizziandrade.com.br\/novo\/index.php\/wp-json\/wp\/v2\/users\/1"}],"replies":[{"embeddable":true,"href":"https:\/\/pizziandrade.com.br\/novo\/index.php\/wp-json\/wp\/v2\/comments?post=156"}],"version-history":[{"count":19,"href":"https:\/\/pizziandrade.com.br\/novo\/index.php\/wp-json\/wp\/v2\/pages\/156\/revisions"}],"predecessor-version":[{"id":525,"href":"https:\/\/pizziandrade.com.br\/novo\/index.php\/wp-json\/wp\/v2\/pages\/156\/revisions\/525"}],"wp:attachment":[{"href":"https:\/\/pizziandrade.com.br\/novo\/index.php\/wp-json\/wp\/v2\/media?parent=156"}],"curies":[{"name":"wp","href":"https:\/\/api.w.org\/{rel}","templated":true}]}}