{"id":158,"date":"2024-01-28T20:26:43","date_gmt":"2024-01-28T23:26:43","guid":{"rendered":"https:\/\/atos319.us.to\/pizziadvogados\/?page_id=158"},"modified":"2024-11-04T16:45:06","modified_gmt":"2024-11-04T19:45:06","slug":"insights","status":"publish","type":"page","link":"https:\/\/pizziandrade.com.br\/novo\/index.php\/insights\/","title":{"rendered":"Insights"},"content":{"rendered":"\t\t<div data-elementor-type=\"wp-page\" data-elementor-id=\"158\" class=\"elementor elementor-158\" data-elementor-post-type=\"page\">\n\t\t\t\t\t\t\t<div class=\"elementor-element elementor-element-694e7c7 e-flex e-con-boxed e-con e-parent\" data-id=\"694e7c7\" data-element_type=\"container\" data-settings=\"{&quot;content_width&quot;:&quot;boxed&quot;}\" data-core-v316-plus=\"true\">\n\t\t\t\t\t<div class=\"e-con-inner\">\n\t\t\t\t<div class=\"elementor-element elementor-element-df5a5c1 elementor-grid-3 elementor-grid-tablet-2 elementor-grid-mobile-1 elementor-posts--thumbnail-top elementor-widget elementor-widget-posts\" data-id=\"df5a5c1\" data-element_type=\"widget\" data-settings=\"{&quot;classic_columns&quot;:&quot;3&quot;,&quot;classic_columns_tablet&quot;:&quot;2&quot;,&quot;classic_columns_mobile&quot;:&quot;1&quot;,&quot;classic_row_gap&quot;:{&quot;unit&quot;:&quot;px&quot;,&quot;size&quot;:35,&quot;sizes&quot;:[]},&quot;classic_row_gap_tablet&quot;:{&quot;unit&quot;:&quot;px&quot;,&quot;size&quot;:&quot;&quot;,&quot;sizes&quot;:[]},&quot;classic_row_gap_mobile&quot;:{&quot;unit&quot;:&quot;px&quot;,&quot;size&quot;:&quot;&quot;,&quot;sizes&quot;:[]}}\" data-widget_type=\"posts.classic\">\n\t\t\t\t<div class=\"elementor-widget-container\">\n\t\t\t<link rel=\"stylesheet\" href=\"https:\/\/pizziandrade.com.br\/novo\/wp-content\/plugins\/elementor-pro\/assets\/css\/widget-posts.min.css\">\t\t<div class=\"elementor-posts-container elementor-posts elementor-posts--skin-classic elementor-grid\">\n\t\t\t\t<article class=\"elementor-post elementor-grid-item post-578 post type-post status-publish format-standard hentry category-blog\">\n\t\t\t\t<div class=\"elementor-post__text\">\n\t\t\t\t<h3 class=\"elementor-post__title\">\n\t\t\t<a href=\"https:\/\/pizziandrade.com.br\/novo\/index.php\/2025\/05\/28\/tributacao-de-operacoes-com-bens-imoveis-pelo-ibs-e-cbs-artigo-252-da-lc-214-2025\/\" >\n\t\t\t\tTributa\u00e7\u00e3o de Opera\u00e7\u00f5es com Bens Im\u00f3veis pelo IBS e CBS \u2013 Artigo 252 da LC 214\/2025\t\t\t<\/a>\n\t\t<\/h3>\n\t\t\t\t<div class=\"elementor-post__meta-data\">\n\t\t\t\t\t<span class=\"elementor-post-date\">\n\t\t\t28 de maio de 2025\t\t<\/span>\n\t\t\t\t<span class=\"elementor-post-avatar\">\n\t\t\tNenhum coment\u00e1rio\t\t<\/span>\n\t\t\t\t<\/div>\n\t\t\n\t\t<a class=\"elementor-post__read-more\" href=\"https:\/\/pizziandrade.com.br\/novo\/index.php\/2025\/05\/28\/tributacao-de-operacoes-com-bens-imoveis-pelo-ibs-e-cbs-artigo-252-da-lc-214-2025\/\" aria-label=\"Read more about Tributa\u00e7\u00e3o de Opera\u00e7\u00f5es com Bens Im\u00f3veis pelo IBS e CBS \u2013 Artigo 252 da LC 214\/2025\" tabindex=\"-1\" >\n\t\t\tRead More \u00bb\t\t<\/a>\n\n\t\t\t\t<\/div>\n\t\t\t\t<\/article>\n\t\t\t\t<article class=\"elementor-post elementor-grid-item post-575 post type-post status-publish format-standard hentry category-blog\">\n\t\t\t\t<div class=\"elementor-post__text\">\n\t\t\t\t<h3 class=\"elementor-post__title\">\n\t\t\t<a href=\"https:\/\/pizziandrade.com.br\/novo\/index.php\/2025\/02\/28\/os-efeitos-do-artigo-57-da-lc-214-2025-no-planejamento-tributario-via-holdings-patrimoniais\/\" >\n\t\t\t\tOs Efeitos do Artigo 57 da LC 214\/2025 no Planejamento Tribut\u00e1rio via Holdings Patrimoniais\t\t\t<\/a>\n\t\t<\/h3>\n\t\t\t\t<div class=\"elementor-post__meta-data\">\n\t\t\t\t\t<span class=\"elementor-post-date\">\n\t\t\t28 de fevereiro de 2025\t\t<\/span>\n\t\t\t\t<span class=\"elementor-post-avatar\">\n\t\t\tNenhum coment\u00e1rio\t\t<\/span>\n\t\t\t\t<\/div>\n\t\t\n\t\t<a class=\"elementor-post__read-more\" href=\"https:\/\/pizziandrade.com.br\/novo\/index.php\/2025\/02\/28\/os-efeitos-do-artigo-57-da-lc-214-2025-no-planejamento-tributario-via-holdings-patrimoniais\/\" aria-label=\"Read more about Os Efeitos do Artigo 57 da LC 214\/2025 no Planejamento Tribut\u00e1rio via Holdings Patrimoniais\" tabindex=\"-1\" >\n\t\t\tRead More \u00bb\t\t<\/a>\n\n\t\t\t\t<\/div>\n\t\t\t\t<\/article>\n\t\t\t\t<article class=\"elementor-post elementor-grid-item post-573 post type-post status-publish format-standard hentry category-blog\">\n\t\t\t\t<div class=\"elementor-post__text\">\n\t\t\t\t<h3 class=\"elementor-post__title\">\n\t\t\t<a href=\"https:\/\/pizziandrade.com.br\/novo\/index.php\/2025\/02\/27\/como-o-split-payment-impacta-o-fluxo-de-caixa\/\" >\n\t\t\t\tComo o Split Payment Impacta o Fluxo de Caixa?\t\t\t<\/a>\n\t\t<\/h3>\n\t\t\t\t<div class=\"elementor-post__meta-data\">\n\t\t\t\t\t<span class=\"elementor-post-date\">\n\t\t\t27 de fevereiro de 2025\t\t<\/span>\n\t\t\t\t<span class=\"elementor-post-avatar\">\n\t\t\tNenhum coment\u00e1rio\t\t<\/span>\n\t\t\t\t<\/div>\n\t\t\n\t\t<a class=\"elementor-post__read-more\" href=\"https:\/\/pizziandrade.com.br\/novo\/index.php\/2025\/02\/27\/como-o-split-payment-impacta-o-fluxo-de-caixa\/\" aria-label=\"Read more about Como o Split Payment Impacta o Fluxo de Caixa?\" tabindex=\"-1\" >\n\t\t\tRead More \u00bb\t\t<\/a>\n\n\t\t\t\t<\/div>\n\t\t\t\t<\/article>\n\t\t\t\t<article class=\"elementor-post elementor-grid-item post-571 post type-post status-publish format-standard has-post-thumbnail hentry category-blog\">\n\t\t\t\t<a class=\"elementor-post__thumbnail__link\" href=\"https:\/\/pizziandrade.com.br\/novo\/index.php\/2025\/02\/26\/planejamento-tributario-e-holdings-patrimoniais-os-riscos-e-impactos-da-nova-lei-complementar-214-2025\/\" tabindex=\"-1\" >\n\t\t\t<div class=\"elementor-post__thumbnail\"><img fetchpriority=\"high\" decoding=\"async\" width=\"300\" height=\"175\" src=\"https:\/\/pizziandrade.com.br\/novo\/wp-content\/uploads\/2024\/02\/480_F_149053277_Dcp2BofJjC0lLOo3cU7JS0KvT7m5XDVa-300x175.jpg\" class=\"attachment-medium size-medium wp-image-288\" alt=\"\" srcset=\"https:\/\/pizziandrade.com.br\/novo\/wp-content\/uploads\/2024\/02\/480_F_149053277_Dcp2BofJjC0lLOo3cU7JS0KvT7m5XDVa-300x175.jpg 300w, https:\/\/pizziandrade.com.br\/novo\/wp-content\/uploads\/2024\/02\/480_F_149053277_Dcp2BofJjC0lLOo3cU7JS0KvT7m5XDVa-768x449.jpg 768w, https:\/\/pizziandrade.com.br\/novo\/wp-content\/uploads\/2024\/02\/480_F_149053277_Dcp2BofJjC0lLOo3cU7JS0KvT7m5XDVa.jpg 821w\" sizes=\"(max-width: 300px) 100vw, 300px\" \/><\/div>\n\t\t<\/a>\n\t\t\t\t<div class=\"elementor-post__text\">\n\t\t\t\t<h3 class=\"elementor-post__title\">\n\t\t\t<a href=\"https:\/\/pizziandrade.com.br\/novo\/index.php\/2025\/02\/26\/planejamento-tributario-e-holdings-patrimoniais-os-riscos-e-impactos-da-nova-lei-complementar-214-2025\/\" >\n\t\t\t\tPlanejamento Tribut\u00e1rio e Holdings Patrimoniais: Os Riscos e Impactos da Nova Lei Complementar 214\/2025\t\t\t<\/a>\n\t\t<\/h3>\n\t\t\t\t<div class=\"elementor-post__meta-data\">\n\t\t\t\t\t<span class=\"elementor-post-date\">\n\t\t\t26 de fevereiro de 2025\t\t<\/span>\n\t\t\t\t<span class=\"elementor-post-avatar\">\n\t\t\tNenhum coment\u00e1rio\t\t<\/span>\n\t\t\t\t<\/div>\n\t\t\n\t\t<a class=\"elementor-post__read-more\" href=\"https:\/\/pizziandrade.com.br\/novo\/index.php\/2025\/02\/26\/planejamento-tributario-e-holdings-patrimoniais-os-riscos-e-impactos-da-nova-lei-complementar-214-2025\/\" aria-label=\"Read more about Planejamento Tribut\u00e1rio e Holdings Patrimoniais: Os Riscos e Impactos da Nova Lei Complementar 214\/2025\" tabindex=\"-1\" >\n\t\t\tRead More \u00bb\t\t<\/a>\n\n\t\t\t\t<\/div>\n\t\t\t\t<\/article>\n\t\t\t\t<article class=\"elementor-post elementor-grid-item post-569 post type-post status-publish format-standard hentry category-blog\">\n\t\t\t\t<div class=\"elementor-post__text\">\n\t\t\t\t<h3 class=\"elementor-post__title\">\n\t\t\t<a href=\"https:\/\/pizziandrade.com.br\/novo\/index.php\/2025\/02\/25\/novas-regras-tributarias-para-motoristas-e-entregadores-de-aplicativos-entenda-a-reducao-de-75-na-receita-considerada\/\" >\n\t\t\t\tNovas Regras Tribut\u00e1rias para Motoristas e Entregadores de Aplicativos: Entenda a Redu\u00e7\u00e3o de 75% na Receita Considerada!\t\t\t<\/a>\n\t\t<\/h3>\n\t\t\t\t<div class=\"elementor-post__meta-data\">\n\t\t\t\t\t<span class=\"elementor-post-date\">\n\t\t\t25 de fevereiro de 2025\t\t<\/span>\n\t\t\t\t<span class=\"elementor-post-avatar\">\n\t\t\tNenhum coment\u00e1rio\t\t<\/span>\n\t\t\t\t<\/div>\n\t\t\n\t\t<a class=\"elementor-post__read-more\" href=\"https:\/\/pizziandrade.com.br\/novo\/index.php\/2025\/02\/25\/novas-regras-tributarias-para-motoristas-e-entregadores-de-aplicativos-entenda-a-reducao-de-75-na-receita-considerada\/\" aria-label=\"Read more about Novas Regras Tribut\u00e1rias para Motoristas e Entregadores de Aplicativos: Entenda a Redu\u00e7\u00e3o de 75% na Receita Considerada!\" tabindex=\"-1\" >\n\t\t\tRead More \u00bb\t\t<\/a>\n\n\t\t\t\t<\/div>\n\t\t\t\t<\/article>\n\t\t\t\t<article class=\"elementor-post elementor-grid-item post-567 post type-post status-publish format-standard hentry category-blog\">\n\t\t\t\t<div class=\"elementor-post__text\">\n\t\t\t\t<h3 class=\"elementor-post__title\">\n\t\t\t<a href=\"https:\/\/pizziandrade.com.br\/novo\/index.php\/2025\/02\/24\/o-nanoempreendedor-no-contexto-do-artigo-26-da-lc-214-2025\/\" >\n\t\t\t\tO Nanoempreendedor no Contexto do Artigo 26 da LC 214\/2025\t\t\t<\/a>\n\t\t<\/h3>\n\t\t\t\t<div class=\"elementor-post__meta-data\">\n\t\t\t\t\t<span class=\"elementor-post-date\">\n\t\t\t24 de fevereiro de 2025\t\t<\/span>\n\t\t\t\t<span class=\"elementor-post-avatar\">\n\t\t\tNenhum coment\u00e1rio\t\t<\/span>\n\t\t\t\t<\/div>\n\t\t\n\t\t<a class=\"elementor-post__read-more\" href=\"https:\/\/pizziandrade.com.br\/novo\/index.php\/2025\/02\/24\/o-nanoempreendedor-no-contexto-do-artigo-26-da-lc-214-2025\/\" aria-label=\"Read more about O Nanoempreendedor no Contexto do Artigo 26 da LC 214\/2025\" tabindex=\"-1\" >\n\t\t\tRead More \u00bb\t\t<\/a>\n\n\t\t\t\t<\/div>\n\t\t\t\t<\/article>\n\t\t\t\t<\/div>\n\t\t\n\t\t\t\t<\/div>\n\t\t\t\t<\/div>\n\t\t\t\t\t<\/div>\n\t\t\t\t<\/div>\n\t\t\t\t\t\t\t<\/div>\n\t\t","protected":false},"excerpt":{"rendered":"","protected":false},"author":1,"featured_media":0,"parent":0,"menu_order":0,"comment_status":"closed","ping_status":"closed","template":"","meta":{"footnotes":""},"blocksy_meta":[],"_links":{"self":[{"href":"https:\/\/pizziandrade.com.br\/novo\/index.php\/wp-json\/wp\/v2\/pages\/158"}],"collection":[{"href":"https:\/\/pizziandrade.com.br\/novo\/index.php\/wp-json\/wp\/v2\/pages"}],"about":[{"href":"https:\/\/pizziandrade.com.br\/novo\/index.php\/wp-json\/wp\/v2\/types\/page"}],"author":[{"embeddable":true,"href":"https:\/\/pizziandrade.com.br\/novo\/index.php\/wp-json\/wp\/v2\/users\/1"}],"replies":[{"embeddable":true,"href":"https:\/\/pizziandrade.com.br\/novo\/index.php\/wp-json\/wp\/v2\/comments?post=158"}],"version-history":[{"count":7,"href":"https:\/\/pizziandrade.com.br\/novo\/index.php\/wp-json\/wp\/v2\/pages\/158\/revisions"}],"predecessor-version":[{"id":466,"href":"https:\/\/pizziandrade.com.br\/novo\/index.php\/wp-json\/wp\/v2\/pages\/158\/revisions\/466"}],"wp:attachment":[{"href":"https:\/\/pizziandrade.com.br\/novo\/index.php\/wp-json\/wp\/v2\/media?parent=158"}],"curies":[{"name":"wp","href":"https:\/\/api.w.org\/{rel}","templated":true}]}}